{"id":3022,"date":"2025-04-25T06:31:11","date_gmt":"2025-04-25T06:31:11","guid":{"rendered":"https:\/\/renatarochalaw.com\/politica-de-privacidad\/"},"modified":"2025-08-04T22:04:56","modified_gmt":"2025-08-04T22:04:56","slug":"politica-de-privacidad","status":"publish","type":"page","link":"https:\/\/renatarochalaw.com\/es\/politica-de-privacidad\/","title":{"rendered":"Pol\u00edtica de Privacidad"},"content":{"rendered":"\t\t<div data-elementor-type=\"wp-page\" data-elementor-id=\"3022\" class=\"elementor elementor-3022 elementor-3\" data-elementor-post-type=\"page\">\n\t\t\t\t<div class=\"elementor-element elementor-element-50ba76b3 e-flex e-con-boxed e-con e-parent\" data-id=\"50ba76b3\" data-element_type=\"container\" data-e-type=\"container\">\n\t\t\t\t\t<div class=\"e-con-inner\">\n\t\t\t\t<div class=\"elementor-element elementor-element-23495ecc elementor-widget elementor-widget-text-editor\" data-id=\"23495ecc\" data-element_type=\"widget\" data-e-type=\"widget\" data-widget_type=\"text-editor.default\">\n\t\t\t\t<div class=\"elementor-widget-container\">\n\t\t\t\t\t\t\t\t\t<h3><span style=\"color: #444444;\">Pol\u00edtica de Privacidad<\/span><\/h3>\n<p><span style=\"color: #444444;\">Su privacidad es importante para nosotros. Es pol\u00edtica de Renata Rocha Law PLLC respetar su privacidad con respecto a cualquier informaci\u00f3n que podamos recopilar de usted a trav\u00e9s de nuestro sitio web, <a href=\"https:\/\/renatarochalaw.com\/es\/\">Renata Rocha Law PLLC,<\/a> y otros sitios que poseemos y operamos. <\/span><\/p>\n<p><span style=\"color: #444444;\">S\u00f3lo solicitamos informaci\u00f3n personal cuando realmente la necesitamos para prestarle un servicio. La recopilamos por medios justos y legales, con su conocimiento y consentimiento. Tambi\u00e9n le informamos de por qu\u00e9 la recabamos y c\u00f3mo se utilizar\u00e1.  <\/span><\/p>\n<p><span style=\"color: #444444;\">S\u00f3lo conservamos la informaci\u00f3n recopilada durante el tiempo necesario para prestarle el servicio solicitado. Protegeremos los datos que almacenemos con medios comercialmente aceptables para evitar p\u00e9rdidas y robos, as\u00ed como el acceso, la divulgaci\u00f3n, la copia, el uso o la modificaci\u00f3n no autorizados. <\/span><\/p>\n<p><span style=\"color: #444444;\">No compartimos ninguna informaci\u00f3n de identificaci\u00f3n personal p\u00fablicamente ni con terceros, excepto cuando lo exige la ley.<\/span><\/p>\n<p><span style=\"color: #444444;\">Nuestro sitio web puede contener enlaces a sitios externos no gestionados por nosotros. Tenga en cuenta que no tenemos ning\u00fan control sobre el contenido y las pr\u00e1cticas de estos sitios, y no podemos aceptar responsabilidad alguna por sus respectivos contenidos.  <\/span><a style=\"color: #444444;\" href=\"https:\/\/privacypolicies.in\/\" target=\"_blank\" rel=\"noopener noreferrer\">pol\u00edticas de privacidad<\/a><span style=\"color: #444444;\">.<\/span><\/p>\n<p><span style=\"color: #444444;\">Usted es libre de rechazar nuestra solicitud de informaci\u00f3n personal, entendiendo que es posible que no podamos prestarle algunos de los servicios que desea.<\/span><\/p>\n<p><span style=\"color: #444444;\">Su uso continuado de nuestro sitio web se considerar\u00e1 como aceptaci\u00f3n de nuestras pr\u00e1cticas en torno a la privacidad y la informaci\u00f3n personal. Si tiene alguna pregunta sobre c\u00f3mo tratamos los datos de los usuarios y la informaci\u00f3n personal, no dude en ponerse en contacto con nosotros. <\/span><\/p>\n<h3><span style=\"color: #444444;\">Pol\u00edtica de cookies de Renata Rocha Law PLLC<\/span><\/h3>\n<p><span style=\"color: #444444;\">Esta es la Pol\u00edtica de Cookies de Renata Rocha Law PLLC, accesible desde la URL https:\/\/renatarochalaw.com\/.<\/span><\/p>\n<p> <\/p>\n<h4><span style=\"color: #444444;\">Qu\u00e9 son las cookies<\/span><\/h4>\n<p><span style=\"color: #444444;\">Como es pr\u00e1ctica habitual en casi todos los sitios web profesionales, este sitio utiliza cookies, que son peque\u00f1os archivos que se descargan en su ordenador para mejorar su experiencia. Esta p\u00e1gina describe qu\u00e9 informaci\u00f3n recopilan, c\u00f3mo la utilizamos y por qu\u00e9 a veces necesitamos almacenar estas cookies. Tambi\u00e9n le explicaremos c\u00f3mo puede evitar que se almacenen estas cookies, aunque esto puede reducir o interrumpir la funcionalidad de algunos elementos del sitio.  <\/span><\/p>\n<p> <\/p>\n<h4><span style=\"color: #444444;\">C\u00f3mo utilizamos las cookies<\/span><\/h4>\n<p><span style=\"color: #444444;\">Utilizamos cookies por una serie de razones que se detallan a continuaci\u00f3n. Lamentablemente, en la mayor\u00eda de los casos no existen opciones est\u00e1ndar para desactivar las cookies sin desactivar por completo la funcionalidad y las caracter\u00edsticas que a\u00f1aden a este sitio. Se recomienda dejar activadas todas las cookies si no est\u00e1 seguro de si las necesita o no en caso de que se utilicen para prestar un servicio que usted utilice.  <\/span><\/p>\n<p> <\/p>\n<h4><span style=\"color: #444444;\">Desactivar las cookies<\/span><\/h4>\n<p><span style=\"color: #444444;\">Puede evitar la instalaci\u00f3n de cookies ajustando la configuraci\u00f3n de su navegador (consulte la Ayuda de su navegador para saber c\u00f3mo hacerlo). Tenga en cuenta que deshabilitar las cookies afectar\u00e1 a la funcionalidad de este y otros muchos sitios web que visite. La desactivaci\u00f3n de las cookies suele conllevar tambi\u00e9n la desactivaci\u00f3n de determinadas funciones y caracter\u00edsticas de este sitio. Por lo tanto, le recomendamos que no desactive las cookies.   <\/span><\/p>\n<p> <\/p>\n<h4><span style=\"color: #444444;\">Las cookies que instalamos<\/span><\/h4>\n<p> <\/p>\n<h4><span style=\"color: #444444;\">Cookies de terceros<\/span><\/h4>\n<p><span style=\"color: #444444;\">En algunos casos especiales tambi\u00e9n utilizamos cookies proporcionadas por terceros de confianza. En la siguiente secci\u00f3n se detalla qu\u00e9 cookies de terceros puede encontrar a trav\u00e9s de este sitio. <\/span><\/p>\n<h4><span style=\"color: #444444;\">Responsabilidades del usuario<\/span><\/h4>\n<p><span style=\"color: #444444;\">El usuario asume la responsabilidad de hacer un uso adecuado de los contenidos y de la informaci\u00f3n que se ofrece en la web con un comportamiento enunciativo pero no imitativo:<\/span><\/p>\n<ul>\n<li><span style=\"color: #444444;\">A) No realizar actividades ilegales o contrarias a la buena fe y al orden p\u00fablico;<\/span><\/li>\n<li><span style=\"color: #444444;\">B) No difundir propaganda o contenidos de car\u00e1cter racista, xen\u00f3fobo, lud\u00f3pata, cualquier tipo de pornograf\u00eda ilegal, proclamas terroristas o contra los derechos humanos;<\/span><\/li>\n<li><span style=\"color: #444444;\">C) No provocar da\u00f1os en los sistemas f\u00edsicos (hardware) e inalcanzables (software) de Renata Rocha Law PLLC, de sus proveedores o de terceros, introducir o difundir en la red virus inform\u00e1ticos o cualesquiera otros sistemas de hardware o software que sean susceptibles de provocar los da\u00f1os anteriormente mencionados.<\/span><\/li>\n<\/ul>\n<h4><span style=\"color: #444444;\">M\u00e1s informaci\u00f3n<\/span><\/h4>\n<p><span style=\"color: #444444;\">Esperamos que esto le haya aclarado las cosas y, como se mencion\u00f3 anteriormente, si hay algo que no est\u00e1 seguro de si necesita o no, normalmente es m\u00e1s seguro dejar las cookies activadas en caso de que interact\u00faen con alguna de las funciones que utiliza en nuestro sitio.<\/span><\/p>\n<p><span style=\"color: #444444;\">Esta pol\u00edtica entra en vigor el 16 de junio de 2025 a las 21:47.<\/span><\/p>\t\t\t\t\t\t\t\t<\/div>\n\t\t\t\t<\/div>\n\t\t\t\t\t<\/div>\n\t\t\t\t<\/div>\n\t\t\t\t<\/div>\n\t\t","protected":false},"excerpt":{"rendered":"<p>Pol\u00edtica de Privacidad Su privacidad es importante para nosotros. Es pol\u00edtica de Renata Rocha Law PLLC respetar su privacidad con respecto a cualquier informaci\u00f3n que podamos recopilar de usted a trav\u00e9s de nuestro sitio web, Renata Rocha Law PLLC, y otros sitios que poseemos y operamos. S\u00f3lo solicitamos informaci\u00f3n personal cuando realmente la necesitamos para [&hellip;]<\/p>\n","protected":false},"author":1,"featured_media":0,"parent":0,"menu_order":0,"comment_status":"closed","ping_status":"open","template":"","meta":{"footnotes":""},"class_list":["post-3022","page","type-page","status-publish","hentry"],"yoast_head":"<!-- This site is optimized with the Yoast SEO plugin v27.3 - https:\/\/yoast.com\/product\/yoast-seo-wordpress\/ -->\n<title>Pol\u00edtica de Privacidad - Renata Rocha Law - \u00a1Tu viaje hacia la legalizaci\u00f3n en los Estados Unidos comienza aqu\u00ed!<\/title>\n<meta name=\"robots\" content=\"index, follow, max-snippet:-1, max-image-preview:large, max-video-preview:-1\" \/>\n<link rel=\"canonical\" href=\"https:\/\/renatarochalaw.com\/es\/politica-de-privacidad\/\" \/>\n<meta property=\"og:locale\" content=\"es_ES\" \/>\n<meta property=\"og:type\" content=\"article\" \/>\n<meta property=\"og:title\" content=\"Pol\u00edtica de Privacidad - Renata Rocha Law - \u00a1Tu viaje hacia la legalizaci\u00f3n en los Estados Unidos comienza aqu\u00ed!\" \/>\n<meta property=\"og:description\" content=\"Pol\u00edtica de Privacidad Su privacidad es importante para nosotros. Es pol\u00edtica de Renata Rocha Law PLLC respetar su privacidad con respecto a cualquier informaci\u00f3n que podamos recopilar de usted a trav\u00e9s de nuestro sitio web, Renata Rocha Law PLLC, y otros sitios que poseemos y operamos. S\u00f3lo solicitamos informaci\u00f3n personal cuando realmente la necesitamos para [&hellip;]\" \/>\n<meta property=\"og:url\" content=\"https:\/\/renatarochalaw.com\/es\/politica-de-privacidad\/\" \/>\n<meta property=\"og:site_name\" content=\"Renata Rocha Law - \u00a1Tu viaje hacia la legalizaci\u00f3n en los Estados Unidos comienza aqu\u00ed!\" \/>\n<meta property=\"article:publisher\" content=\"https:\/\/www.facebook.com\/renatarochalaw\" \/>\n<meta property=\"article:modified_time\" content=\"2025-08-04T22:04:56+00:00\" \/>\n<meta property=\"og:image\" content=\"https:\/\/renatarochalaw.com\/wp-content\/uploads\/2025\/06\/renata_rocha_law-1.jpeg\" \/>\n\t<meta property=\"og:image:width\" content=\"1200\" \/>\n\t<meta property=\"og:image:height\" content=\"675\" \/>\n\t<meta property=\"og:image:type\" content=\"image\/jpeg\" \/>\n<meta name=\"twitter:card\" content=\"summary_large_image\" \/>\n<meta name=\"twitter:label1\" content=\"Tiempo de lectura\" \/>\n\t<meta name=\"twitter:data1\" content=\"4 minutos\" \/>\n<script type=\"application\/ld+json\" class=\"yoast-schema-graph\">{\"@context\":\"https:\\\/\\\/schema.org\",\"@graph\":[{\"@type\":\"WebPage\",\"@id\":\"https:\\\/\\\/renatarochalaw.com\\\/es\\\/politica-de-privacidad\\\/\",\"url\":\"https:\\\/\\\/renatarochalaw.com\\\/es\\\/politica-de-privacidad\\\/\",\"name\":\"Pol\u00edtica de Privacidad - Renata Rocha Law - \u00a1Tu viaje hacia la legalizaci\u00f3n en los Estados Unidos comienza aqu\u00ed!\",\"isPartOf\":{\"@id\":\"https:\\\/\\\/renatarochalaw.com\\\/es\\\/#website\"},\"datePublished\":\"2025-04-25T06:31:11+00:00\",\"dateModified\":\"2025-08-04T22:04:56+00:00\",\"breadcrumb\":{\"@id\":\"https:\\\/\\\/renatarochalaw.com\\\/es\\\/politica-de-privacidad\\\/#breadcrumb\"},\"inLanguage\":\"es\",\"potentialAction\":[{\"@type\":\"ReadAction\",\"target\":[\"https:\\\/\\\/renatarochalaw.com\\\/es\\\/politica-de-privacidad\\\/\"]}]},{\"@type\":\"BreadcrumbList\",\"@id\":\"https:\\\/\\\/renatarochalaw.com\\\/es\\\/politica-de-privacidad\\\/#breadcrumb\",\"itemListElement\":[{\"@type\":\"ListItem\",\"position\":1,\"name\":\"Home\",\"item\":\"https:\\\/\\\/renatarochalaw.com\\\/es\\\/inicio\\\/\"},{\"@type\":\"ListItem\",\"position\":2,\"name\":\"Pol\u00edtica de Privacidad\"}]},{\"@type\":\"WebSite\",\"@id\":\"https:\\\/\\\/renatarochalaw.com\\\/es\\\/#website\",\"url\":\"https:\\\/\\\/renatarochalaw.com\\\/es\\\/\",\"name\":\"Renata Rocha Law - Sua jornada para a legaliza\u00e7\u00e3o nos Estados Unidos come\u00e7a aqui!\",\"description\":\"\",\"publisher\":{\"@id\":\"https:\\\/\\\/renatarochalaw.com\\\/es\\\/#organization\"},\"potentialAction\":[{\"@type\":\"SearchAction\",\"target\":{\"@type\":\"EntryPoint\",\"urlTemplate\":\"https:\\\/\\\/renatarochalaw.com\\\/es\\\/?s={search_term_string}\"},\"query-input\":{\"@type\":\"PropertyValueSpecification\",\"valueRequired\":true,\"valueName\":\"search_term_string\"}}],\"inLanguage\":\"es\"},{\"@type\":\"Organization\",\"@id\":\"https:\\\/\\\/renatarochalaw.com\\\/es\\\/#organization\",\"name\":\"Renata Rocha Law - Sua jornada para a legaliza\u00e7\u00e3o nos Estados Unidos come\u00e7a aqui!\",\"url\":\"https:\\\/\\\/renatarochalaw.com\\\/es\\\/\",\"logo\":{\"@type\":\"ImageObject\",\"inLanguage\":\"es\",\"@id\":\"https:\\\/\\\/renatarochalaw.com\\\/es\\\/#\\\/schema\\\/logo\\\/image\\\/\",\"url\":\"https:\\\/\\\/renatarochalaw.com\\\/wp-content\\\/uploads\\\/2025\\\/05\\\/logo_renata02.png\",\"contentUrl\":\"https:\\\/\\\/renatarochalaw.com\\\/wp-content\\\/uploads\\\/2025\\\/05\\\/logo_renata02.png\",\"width\":619,\"height\":321,\"caption\":\"Renata Rocha Law - Sua jornada para a legaliza\u00e7\u00e3o nos Estados Unidos come\u00e7a aqui!\"},\"image\":{\"@id\":\"https:\\\/\\\/renatarochalaw.com\\\/es\\\/#\\\/schema\\\/logo\\\/image\\\/\"},\"sameAs\":[\"https:\\\/\\\/www.facebook.com\\\/renatarochalaw\",\"https:\\\/\\\/www.instagram.com\\\/renatarochalaw\"]}]}<\/script>\n<!-- \/ Yoast SEO plugin. -->","yoast_head_json":{"title":"Pol\u00edtica de Privacidad - Renata Rocha Law - \u00a1Tu viaje hacia la legalizaci\u00f3n en los Estados Unidos comienza aqu\u00ed!","robots":{"index":"index","follow":"follow","max-snippet":"max-snippet:-1","max-image-preview":"max-image-preview:large","max-video-preview":"max-video-preview:-1"},"canonical":"https:\/\/renatarochalaw.com\/es\/politica-de-privacidad\/","og_locale":"es_ES","og_type":"article","og_title":"Pol\u00edtica de Privacidad - Renata Rocha Law - \u00a1Tu viaje hacia la legalizaci\u00f3n en los Estados Unidos comienza aqu\u00ed!","og_description":"Pol\u00edtica de Privacidad Su privacidad es importante para nosotros. Es pol\u00edtica de Renata Rocha Law PLLC respetar su privacidad con respecto a cualquier informaci\u00f3n que podamos recopilar de usted a trav\u00e9s de nuestro sitio web, Renata Rocha Law PLLC, y otros sitios que poseemos y operamos. S\u00f3lo solicitamos informaci\u00f3n personal cuando realmente la necesitamos para [&hellip;]","og_url":"https:\/\/renatarochalaw.com\/es\/politica-de-privacidad\/","og_site_name":"Renata Rocha Law - \u00a1Tu viaje hacia la legalizaci\u00f3n en los Estados Unidos comienza aqu\u00ed!","article_publisher":"https:\/\/www.facebook.com\/renatarochalaw","article_modified_time":"2025-08-04T22:04:56+00:00","og_image":[{"width":1200,"height":675,"url":"https:\/\/renatarochalaw.com\/wp-content\/uploads\/2025\/06\/renata_rocha_law-1.jpeg","type":"image\/jpeg"}],"twitter_card":"summary_large_image","twitter_misc":{"Tiempo de lectura":"4 minutos"},"schema":{"@context":"https:\/\/schema.org","@graph":[{"@type":"WebPage","@id":"https:\/\/renatarochalaw.com\/es\/politica-de-privacidad\/","url":"https:\/\/renatarochalaw.com\/es\/politica-de-privacidad\/","name":"Pol\u00edtica de Privacidad - Renata Rocha Law - \u00a1Tu viaje hacia la legalizaci\u00f3n en los Estados Unidos comienza aqu\u00ed!","isPartOf":{"@id":"https:\/\/renatarochalaw.com\/es\/#website"},"datePublished":"2025-04-25T06:31:11+00:00","dateModified":"2025-08-04T22:04:56+00:00","breadcrumb":{"@id":"https:\/\/renatarochalaw.com\/es\/politica-de-privacidad\/#breadcrumb"},"inLanguage":"es","potentialAction":[{"@type":"ReadAction","target":["https:\/\/renatarochalaw.com\/es\/politica-de-privacidad\/"]}]},{"@type":"BreadcrumbList","@id":"https:\/\/renatarochalaw.com\/es\/politica-de-privacidad\/#breadcrumb","itemListElement":[{"@type":"ListItem","position":1,"name":"Home","item":"https:\/\/renatarochalaw.com\/es\/inicio\/"},{"@type":"ListItem","position":2,"name":"Pol\u00edtica de Privacidad"}]},{"@type":"WebSite","@id":"https:\/\/renatarochalaw.com\/es\/#website","url":"https:\/\/renatarochalaw.com\/es\/","name":"Renata Rocha Law - Sua jornada para a legaliza\u00e7\u00e3o nos Estados Unidos come\u00e7a aqui!","description":"","publisher":{"@id":"https:\/\/renatarochalaw.com\/es\/#organization"},"potentialAction":[{"@type":"SearchAction","target":{"@type":"EntryPoint","urlTemplate":"https:\/\/renatarochalaw.com\/es\/?s={search_term_string}"},"query-input":{"@type":"PropertyValueSpecification","valueRequired":true,"valueName":"search_term_string"}}],"inLanguage":"es"},{"@type":"Organization","@id":"https:\/\/renatarochalaw.com\/es\/#organization","name":"Renata Rocha Law - Sua jornada para a legaliza\u00e7\u00e3o nos Estados Unidos come\u00e7a aqui!","url":"https:\/\/renatarochalaw.com\/es\/","logo":{"@type":"ImageObject","inLanguage":"es","@id":"https:\/\/renatarochalaw.com\/es\/#\/schema\/logo\/image\/","url":"https:\/\/renatarochalaw.com\/wp-content\/uploads\/2025\/05\/logo_renata02.png","contentUrl":"https:\/\/renatarochalaw.com\/wp-content\/uploads\/2025\/05\/logo_renata02.png","width":619,"height":321,"caption":"Renata Rocha Law - Sua jornada para a legaliza\u00e7\u00e3o nos Estados Unidos come\u00e7a aqui!"},"image":{"@id":"https:\/\/renatarochalaw.com\/es\/#\/schema\/logo\/image\/"},"sameAs":["https:\/\/www.facebook.com\/renatarochalaw","https:\/\/www.instagram.com\/renatarochalaw"]}]}},"_links":{"self":[{"href":"https:\/\/renatarochalaw.com\/es\/wp-json\/wp\/v2\/pages\/3022","targetHints":{"allow":["GET"]}}],"collection":[{"href":"https:\/\/renatarochalaw.com\/es\/wp-json\/wp\/v2\/pages"}],"about":[{"href":"https:\/\/renatarochalaw.com\/es\/wp-json\/wp\/v2\/types\/page"}],"author":[{"embeddable":true,"href":"https:\/\/renatarochalaw.com\/es\/wp-json\/wp\/v2\/users\/1"}],"replies":[{"embeddable":true,"href":"https:\/\/renatarochalaw.com\/es\/wp-json\/wp\/v2\/comments?post=3022"}],"version-history":[{"count":1,"href":"https:\/\/renatarochalaw.com\/es\/wp-json\/wp\/v2\/pages\/3022\/revisions"}],"predecessor-version":[{"id":3023,"href":"https:\/\/renatarochalaw.com\/es\/wp-json\/wp\/v2\/pages\/3022\/revisions\/3023"}],"wp:attachment":[{"href":"https:\/\/renatarochalaw.com\/es\/wp-json\/wp\/v2\/media?parent=3022"}],"curies":[{"name":"wp","href":"https:\/\/api.w.org\/{rel}","templated":true}]}}